{"id":22,"date":"2021-02-04T12:28:44","date_gmt":"2021-02-04T12:28:44","guid":{"rendered":"http:\/\/rigasfotomenesis.lv\/2022\/?page_id=22"},"modified":"2023-01-13T13:30:07","modified_gmt":"2023-01-13T11:30:07","slug":"majas-lapa","status":"publish","type":"page","link":"https:\/\/rigasfotomenesis.lv\/2022\/lv\/","title":{"rendered":"M\u0101jas lapa"},"content":{"rendered":"\n<p>m\u0101jas lapa<\/p>\n","protected":false},"excerpt":{"rendered":"<p>m\u0101jas lapa<\/p>\n","protected":false},"author":1,"featured_media":0,"parent":0,"menu_order":0,"comment_status":"closed","ping_status":"open","template":"views\/template-home.blade.php","meta":{"footnotes":""},"class_list":["post-22","page","type-page","status-publish","hentry"],"yoast_head":"<!-- This site is optimized with the Yoast SEO plugin v16.1.1 - https:\/\/yoast.com\/wordpress\/plugins\/seo\/ -->\n<title>Riga Photomonth 2022<\/title>\n<meta name=\"description\" content=\"Inovat\u012bvs, eksperiment\u0101ls m\u0101kslas notikums no 23. maija l\u012bdz 22. j\u016bnijam.\" \/>\n<link rel=\"canonical\" href=\"https:\/\/rigasfotomenesis.lv\/2022\/lv\/\" \/>\n<meta property=\"og:locale\" content=\"en_US\" \/>\n<meta property=\"og:type\" content=\"article\" \/>\n<meta property=\"og:title\" content=\"Riga Photomonth 2022\" \/>\n<meta property=\"og:description\" content=\"Inovat\u012bvs, eksperiment\u0101ls m\u0101kslas notikums no 23. maija l\u012bdz 22. j\u016bnijam.\" \/>\n<meta property=\"og:url\" content=\"https:\/\/rigasfotomenesis.lv\/2022\/lv\/\" \/>\n<meta property=\"og:site_name\" content=\"Riga Photomonth 2022\" \/>\n<meta property=\"article:publisher\" content=\"https:\/\/www.facebook.com\/RigaPhotomonth\" \/>\n<meta property=\"article:modified_time\" content=\"2023-01-13T11:30:07+00:00\" \/>\n<meta name=\"twitter:card\" content=\"summary_large_image\" \/>\n<meta name=\"twitter:label1\" content=\"Est. reading time\">\n\t<meta name=\"twitter:data1\" content=\"1 minute\">\n<script type=\"application\/ld+json\" class=\"yoast-schema-graph\">{\"@context\":\"https:\/\/schema.org\",\"@graph\":[{\"@type\":\"Organization\",\"@id\":\"https:\/\/rigasfotomenesis.lv\/2022\/#organization\",\"name\":\"Society \\u201cRiga Photomonth\\u201d\",\"url\":\"https:\/\/rigasfotomenesis.lv\/2022\/\",\"sameAs\":[\"https:\/\/www.facebook.com\/RigaPhotomonth\",\"https:\/\/www.instagram.com\/rigaphotomonth\/\",\"https:\/\/www.youtube.com\/channel\/UC6c5PFSPCWtbaekT7icz3-A\"],\"logo\":{\"@type\":\"ImageObject\",\"@id\":\"https:\/\/rigasfotomenesis.lv\/2022\/#logo\",\"inLanguage\":\"en-US\",\"url\":\"https:\/\/rigasfotomenesis.lv\/wp-content\/uploads\/2021\/03\/logo2021.svg\",\"contentUrl\":\"https:\/\/rigasfotomenesis.lv\/wp-content\/uploads\/2021\/03\/logo2021.svg\",\"width\":70,\"height\":69,\"caption\":\"Society \\u201cRiga Photomonth\\u201d\"},\"image\":{\"@id\":\"https:\/\/rigasfotomenesis.lv\/2022\/#logo\"}},{\"@type\":\"WebSite\",\"@id\":\"https:\/\/rigasfotomenesis.lv\/2022\/#website\",\"url\":\"https:\/\/rigasfotomenesis.lv\/2022\/\",\"name\":\"Riga Photomonth\",\"description\":\"May 23\\u2013June 22\",\"publisher\":{\"@id\":\"https:\/\/rigasfotomenesis.lv\/2022\/#organization\"},\"potentialAction\":[{\"@type\":\"SearchAction\",\"target\":\"https:\/\/rigasfotomenesis.lv\/2022\/?s={search_term_string}\",\"query-input\":\"required name=search_term_string\"}],\"inLanguage\":\"en-US\"},{\"@type\":\"WebPage\",\"@id\":\"https:\/\/rigasfotomenesis.lv\/2022\/lv\/#webpage\",\"url\":\"https:\/\/rigasfotomenesis.lv\/2022\/lv\/\",\"name\":\"Riga Photomonth 2022\",\"isPartOf\":{\"@id\":\"https:\/\/rigasfotomenesis.lv\/2022\/#website\"},\"datePublished\":\"2021-02-04T12:28:44+00:00\",\"dateModified\":\"2023-01-13T11:30:07+00:00\",\"description\":\"Inovat\\u012bvs, eksperiment\\u0101ls m\\u0101kslas notikums no 23. maija l\\u012bdz 22. j\\u016bnijam.\",\"breadcrumb\":{\"@id\":\"https:\/\/rigasfotomenesis.lv\/2022\/lv\/#breadcrumb\"},\"inLanguage\":\"en-US\",\"potentialAction\":[{\"@type\":\"ReadAction\",\"target\":[\"https:\/\/rigasfotomenesis.lv\/2022\/lv\/\"]}]},{\"@type\":\"BreadcrumbList\",\"@id\":\"https:\/\/rigasfotomenesis.lv\/2022\/lv\/#breadcrumb\",\"itemListElement\":[{\"@type\":\"ListItem\",\"position\":1,\"item\":{\"@type\":\"WebPage\",\"@id\":\"https:\/\/rigasfotomenesis.lv\/2022\/\",\"url\":\"https:\/\/rigasfotomenesis.lv\/2022\/\",\"name\":\"Home\"}},{\"@type\":\"ListItem\",\"position\":2,\"item\":{\"@type\":\"WebPage\",\"@id\":\"https:\/\/rigasfotomenesis.lv\/2022\/lv\/\",\"url\":\"https:\/\/rigasfotomenesis.lv\/2022\/lv\/\",\"name\":\"M\\u0101jas lapa\"}}]}]}<\/script>\n<!-- \/ Yoast SEO plugin. -->","_links":{"self":[{"href":"https:\/\/rigasfotomenesis.lv\/2022\/wp-json\/wp\/v2\/pages\/22","targetHints":{"allow":["GET"]}}],"collection":[{"href":"https:\/\/rigasfotomenesis.lv\/2022\/wp-json\/wp\/v2\/pages"}],"about":[{"href":"https:\/\/rigasfotomenesis.lv\/2022\/wp-json\/wp\/v2\/types\/page"}],"author":[{"embeddable":true,"href":"https:\/\/rigasfotomenesis.lv\/2022\/wp-json\/wp\/v2\/users\/1"}],"replies":[{"embeddable":true,"href":"https:\/\/rigasfotomenesis.lv\/2022\/wp-json\/wp\/v2\/comments?post=22"}],"version-history":[{"count":55,"href":"https:\/\/rigasfotomenesis.lv\/2022\/wp-json\/wp\/v2\/pages\/22\/revisions"}],"predecessor-version":[{"id":977,"href":"https:\/\/rigasfotomenesis.lv\/2022\/wp-json\/wp\/v2\/pages\/22\/revisions\/977"}],"wp:attachment":[{"href":"https:\/\/rigasfotomenesis.lv\/2022\/wp-json\/wp\/v2\/media?parent=22"}],"curies":[{"name":"wp","href":"https:\/\/api.w.org\/{rel}","templated":true}]}}